{"id":1528,"date":"2022-02-18T14:47:40","date_gmt":"2022-02-18T14:47:40","guid":{"rendered":"https:\/\/www.soniasist.it\/?page_id=1528"},"modified":"2022-05-02T14:13:28","modified_gmt":"2022-05-02T14:13:28","slug":"ritratto-di-giovane-donna","status":"publish","type":"page","link":"https:\/\/www.soniasist.it\/en\/ritratto-di-giovane-donna\/","title":{"rendered":"Ritratto di Giovane Donna"},"content":{"rendered":"<div data-elementor-type=\"wp-page\" data-elementor-id=\"1528\" class=\"elementor elementor-1528\">\n\t\t\t\t\t\t<section class=\"elementor-section elementor-top-section elementor-element elementor-element-b8571fc elementor-section-boxed elementor-section-height-default elementor-section-height-default\" data-id=\"b8571fc\" data-element_type=\"section\" data-e-type=\"section\">\n\t\t\t\t\t\t<div class=\"elementor-container elementor-column-gap-default\">\n\t\t\t\t\t<div class=\"elementor-column elementor-col-100 elementor-top-column elementor-element elementor-element-528cc25\" data-id=\"528cc25\" data-element_type=\"column\" data-e-type=\"column\">\n\t\t\t<div class=\"elementor-widget-wrap elementor-element-populated\">\n\t\t\t\t\t\t<div class=\"elementor-element elementor-element-6385d31 elementor-widget elementor-widget-spacer\" data-id=\"6385d31\" data-element_type=\"widget\" data-e-type=\"widget\" data-widget_type=\"spacer.default\">\n\t\t\t\t<div class=\"elementor-widget-container\">\n\t\t\t\t\t\t\t<div class=\"elementor-spacer\">\n\t\t\t<div class=\"elementor-spacer-inner\"><\/div>\n\t\t<\/div>\n\t\t\t\t\t\t<\/div>\n\t\t\t\t<\/div>\n\t\t\t\t\t<\/div>\n\t\t<\/div>\n\t\t\t\t\t<\/div>\n\t\t<\/section>\n\t\t\t\t<section class=\"elementor-section elementor-top-section elementor-element elementor-element-21ded45 elementor-hidden-mobile elementor-section-boxed elementor-section-height-default elementor-section-height-default elementor-invisible\" data-id=\"21ded45\" data-element_type=\"section\" data-e-type=\"section\" data-settings=\"{&quot;animation&quot;:&quot;fadeIn&quot;}\">\n\t\t\t\t\t\t<div class=\"elementor-container elementor-column-gap-default\">\n\t\t\t\t\t<div class=\"elementor-column elementor-col-100 elementor-top-column elementor-element elementor-element-57987b5\" data-id=\"57987b5\" data-element_type=\"column\" data-e-type=\"column\">\n\t\t\t<div class=\"elementor-widget-wrap elementor-element-populated\">\n\t\t\t\t\t\t<div class=\"elementor-element elementor-element-f9cdef1 elementor-widget elementor-widget-heading\" data-id=\"f9cdef1\" data-element_type=\"widget\" data-e-type=\"widget\" data-widget_type=\"heading.default\">\n\t\t\t\t<div class=\"elementor-widget-container\">\n\t\t\t\t\t<h1 class=\"elementor-heading-title elementor-size-large\">Ritratto di Giovane Donna ( oil on canvas, 24 x 34.5 cm )<\/h1>\t\t\t\t<\/div>\n\t\t\t\t<\/div>\n\t\t\t\t\t<\/div>\n\t\t<\/div>\n\t\t\t\t\t<\/div>\n\t\t<\/section>\n\t\t\t\t<section class=\"elementor-section elementor-top-section elementor-element elementor-element-2380c1b elementor-hidden-mobile elementor-section-boxed elementor-section-height-default elementor-section-height-default elementor-invisible\" data-id=\"2380c1b\" data-element_type=\"section\" data-e-type=\"section\" data-settings=\"{&quot;animation&quot;:&quot;fadeInUp&quot;}\">\n\t\t\t\t\t\t<div class=\"elementor-container elementor-column-gap-default\">\n\t\t\t\t\t<div class=\"elementor-column elementor-col-50 elementor-top-column elementor-element elementor-element-161b986\" data-id=\"161b986\" data-element_type=\"column\" data-e-type=\"column\">\n\t\t\t<div class=\"elementor-widget-wrap elementor-element-populated\">\n\t\t\t\t\t\t<div class=\"elementor-element elementor-element-e0a46fa elementor-widget elementor-widget-image\" data-id=\"e0a46fa\" data-element_type=\"widget\" data-e-type=\"widget\" data-widget_type=\"image.default\">\n\t\t\t\t<div class=\"elementor-widget-container\">\n\t\t\t\t\t\t\t\t\t\t\t\t\t\t\t\t<a href=\"https:\/\/www.soniasist.it\/wp-content\/uploads\/2022\/05\/quadro13-rit-new.jpg\" data-elementor-open-lightbox=\"no\">\n\t\t\t\t\t\t\t<img fetchpriority=\"high\" decoding=\"async\" width=\"727\" height=\"1024\" src=\"https:\/\/www.soniasist.it\/wp-content\/uploads\/2022\/05\/quadro13-rit-new-727x1024.jpg\" class=\"attachment-large size-large wp-image-1679\" alt=\"\" srcset=\"https:\/\/www.soniasist.it\/wp-content\/uploads\/2022\/05\/quadro13-rit-new-727x1024.jpg 727w, https:\/\/www.soniasist.it\/wp-content\/uploads\/2022\/05\/quadro13-rit-new-213x300.jpg 213w, https:\/\/www.soniasist.it\/wp-content\/uploads\/2022\/05\/quadro13-rit-new-768x1082.jpg 768w, https:\/\/www.soniasist.it\/wp-content\/uploads\/2022\/05\/quadro13-rit-new-1090x1536.jpg 1090w, https:\/\/www.soniasist.it\/wp-content\/uploads\/2022\/05\/quadro13-rit-new-1454x2048.jpg 1454w, https:\/\/www.soniasist.it\/wp-content\/uploads\/2022\/05\/quadro13-rit-new-9x12.jpg 9w, https:\/\/www.soniasist.it\/wp-content\/uploads\/2022\/05\/quadro13-rit-new.jpg 1679w\" sizes=\"(max-width: 727px) 100vw, 727px\" \/>\t\t\t\t\t\t\t\t<\/a>\n\t\t\t\t\t\t\t\t\t\t\t\t\t\t\t<\/div>\n\t\t\t\t<\/div>\n\t\t\t\t\t<\/div>\n\t\t<\/div>\n\t\t\t\t<div class=\"elementor-column elementor-col-50 elementor-top-column elementor-element elementor-element-7086470\" data-id=\"7086470\" data-element_type=\"column\" data-e-type=\"column\">\n\t\t\t<div class=\"elementor-widget-wrap elementor-element-populated\">\n\t\t\t\t\t\t<div class=\"elementor-element elementor-element-5968a59 elementor-widget elementor-widget-text-editor\" data-id=\"5968a59\" data-element_type=\"widget\" data-e-type=\"widget\" data-widget_type=\"text-editor.default\">\n\t\t\t\t<div class=\"elementor-widget-container\">\n\t\t\t\t\t\t\t\t\t<p><span style=\"font-weight: 400;\">The depth of the gaze and the essentiality in the representation of the face and d\u00e9coll\u00e9t\u00e9 are striking, which are clean and simple, devoid of ornaments. The only decoration is represented by a small flower placed above the ear that enhances the expressive sweetness.<\/span><\/p>\t\t\t\t\t\t\t\t<\/div>\n\t\t\t\t<\/div>\n\t\t\t\t<section class=\"elementor-section elementor-inner-section elementor-element elementor-element-fa79b3a elementor-section-boxed elementor-section-height-default elementor-section-height-default\" data-id=\"fa79b3a\" data-element_type=\"section\" data-e-type=\"section\">\n\t\t\t\t\t\t<div class=\"elementor-container elementor-column-gap-default\">\n\t\t\t\t\t<div class=\"elementor-column elementor-col-50 elementor-inner-column elementor-element elementor-element-58c551f\" data-id=\"58c551f\" data-element_type=\"column\" data-e-type=\"column\">\n\t\t\t<div class=\"elementor-widget-wrap elementor-element-populated\">\n\t\t\t\t\t\t<div class=\"elementor-element elementor-element-07475d2 elementor-widget elementor-widget-image\" data-id=\"07475d2\" data-element_type=\"widget\" data-e-type=\"widget\" data-widget_type=\"image.default\">\n\t\t\t\t<div class=\"elementor-widget-container\">\n\t\t\t\t\t\t\t\t\t\t\t\t\t\t\t\t<a href=\"https:\/\/www.soniasist.it\/wp-content\/uploads\/2022\/02\/angolo-quadro13.jpg\" data-elementor-open-lightbox=\"no\">\n\t\t\t\t\t\t\t<img decoding=\"async\" width=\"1024\" height=\"1024\" src=\"https:\/\/www.soniasist.it\/wp-content\/uploads\/2022\/02\/angolo-quadro13-1024x1024.jpg\" class=\"attachment-large size-large wp-image-1530\" alt=\"\" srcset=\"https:\/\/www.soniasist.it\/wp-content\/uploads\/2022\/02\/angolo-quadro13-1024x1024.jpg 1024w, https:\/\/www.soniasist.it\/wp-content\/uploads\/2022\/02\/angolo-quadro13-300x300.jpg 300w, https:\/\/www.soniasist.it\/wp-content\/uploads\/2022\/02\/angolo-quadro13-150x150.jpg 150w, https:\/\/www.soniasist.it\/wp-content\/uploads\/2022\/02\/angolo-quadro13-768x768.jpg 768w, https:\/\/www.soniasist.it\/wp-content\/uploads\/2022\/02\/angolo-quadro13-1536x1536.jpg 1536w, https:\/\/www.soniasist.it\/wp-content\/uploads\/2022\/02\/angolo-quadro13-2048x2048.jpg 2048w\" sizes=\"(max-width: 1024px) 100vw, 1024px\" \/>\t\t\t\t\t\t\t\t<\/a>\n\t\t\t\t\t\t\t\t\t\t\t\t\t\t\t<\/div>\n\t\t\t\t<\/div>\n\t\t\t\t\t<\/div>\n\t\t<\/div>\n\t\t\t\t<div class=\"elementor-column elementor-col-50 elementor-inner-column elementor-element elementor-element-0479c94\" data-id=\"0479c94\" data-element_type=\"column\" data-e-type=\"column\">\n\t\t\t<div class=\"elementor-widget-wrap elementor-element-populated\">\n\t\t\t\t\t\t<div class=\"elementor-element elementor-element-37eddc3 elementor-widget elementor-widget-image\" data-id=\"37eddc3\" data-element_type=\"widget\" data-e-type=\"widget\" data-widget_type=\"image.default\">\n\t\t\t\t<div class=\"elementor-widget-container\">\n\t\t\t\t\t\t\t\t\t\t\t\t\t\t\t\t<a href=\"https:\/\/www.soniasist.it\/wp-content\/uploads\/2022\/02\/retro-qaudro13-scaled.jpg\" data-elementor-open-lightbox=\"no\">\n\t\t\t\t\t\t\t<img decoding=\"async\" width=\"733\" height=\"1024\" src=\"https:\/\/www.soniasist.it\/wp-content\/uploads\/2022\/02\/retro-qaudro13-733x1024.jpg\" class=\"attachment-large size-large wp-image-1531\" alt=\"\" srcset=\"https:\/\/www.soniasist.it\/wp-content\/uploads\/2022\/02\/retro-qaudro13-733x1024.jpg 733w, https:\/\/www.soniasist.it\/wp-content\/uploads\/2022\/02\/retro-qaudro13-215x300.jpg 215w, https:\/\/www.soniasist.it\/wp-content\/uploads\/2022\/02\/retro-qaudro13-768x1073.jpg 768w, https:\/\/www.soniasist.it\/wp-content\/uploads\/2022\/02\/retro-qaudro13-1099x1536.jpg 1099w, https:\/\/www.soniasist.it\/wp-content\/uploads\/2022\/02\/retro-qaudro13-1465x2048.jpg 1465w, https:\/\/www.soniasist.it\/wp-content\/uploads\/2022\/02\/retro-qaudro13-scaled.jpg 1832w\" sizes=\"(max-width: 733px) 100vw, 733px\" \/>\t\t\t\t\t\t\t\t<\/a>\n\t\t\t\t\t\t\t\t\t\t\t\t\t\t\t<\/div>\n\t\t\t\t<\/div>\n\t\t\t\t\t<\/div>\n\t\t<\/div>\n\t\t\t\t\t<\/div>\n\t\t<\/section>\n\t\t\t\t\t<\/div>\n\t\t<\/div>\n\t\t\t\t\t<\/div>\n\t\t<\/section>\n\t\t\t\t<section class=\"elementor-section elementor-top-section elementor-element elementor-element-bcb5dc6 elementor-hidden-desktop elementor-hidden-tablet elementor-section-boxed elementor-section-height-default elementor-section-height-default elementor-invisible\" data-id=\"bcb5dc6\" data-element_type=\"section\" data-e-type=\"section\" data-settings=\"{&quot;animation&quot;:&quot;fadeIn&quot;}\">\n\t\t\t\t\t\t<div class=\"elementor-container elementor-column-gap-default\">\n\t\t\t\t\t<div class=\"elementor-column elementor-col-100 elementor-top-column elementor-element elementor-element-c870273\" data-id=\"c870273\" data-element_type=\"column\" data-e-type=\"column\">\n\t\t\t<div class=\"elementor-widget-wrap elementor-element-populated\">\n\t\t\t\t\t\t<div class=\"elementor-element elementor-element-b7055f8 elementor-widget elementor-widget-heading\" data-id=\"b7055f8\" data-element_type=\"widget\" data-e-type=\"widget\" data-widget_type=\"heading.default\">\n\t\t\t\t<div class=\"elementor-widget-container\">\n\t\t\t\t\t<h2 class=\"elementor-heading-title elementor-size-default\">Ritratto di Giovane Donna \n<br>( Oil on canvas, 24 x 34.5 cm )<\/h2>\t\t\t\t<\/div>\n\t\t\t\t<\/div>\n\t\t\t\t\t<\/div>\n\t\t<\/div>\n\t\t\t\t\t<\/div>\n\t\t<\/section>\n\t\t\t\t<section class=\"elementor-section elementor-top-section elementor-element elementor-element-b777706 elementor-hidden-desktop elementor-hidden-tablet elementor-section-boxed elementor-section-height-default elementor-section-height-default elementor-invisible\" data-id=\"b777706\" data-element_type=\"section\" data-e-type=\"section\" data-settings=\"{&quot;animation&quot;:&quot;fadeInUp&quot;}\">\n\t\t\t\t\t\t<div class=\"elementor-container elementor-column-gap-default\">\n\t\t\t\t\t<div class=\"elementor-column elementor-col-50 elementor-top-column elementor-element elementor-element-789c9df\" data-id=\"789c9df\" data-element_type=\"column\" data-e-type=\"column\">\n\t\t\t<div class=\"elementor-widget-wrap elementor-element-populated\">\n\t\t\t\t\t\t<div class=\"elementor-element elementor-element-86ed469 elementor-widget elementor-widget-image\" data-id=\"86ed469\" data-element_type=\"widget\" data-e-type=\"widget\" data-widget_type=\"image.default\">\n\t\t\t\t<div class=\"elementor-widget-container\">\n\t\t\t\t\t\t\t\t\t\t\t\t\t\t\t\t<a href=\"https:\/\/www.soniasist.it\/wp-content\/uploads\/2022\/05\/quadro13-rit-new.jpg\" data-elementor-open-lightbox=\"no\">\n\t\t\t\t\t\t\t<img fetchpriority=\"high\" decoding=\"async\" width=\"727\" height=\"1024\" src=\"https:\/\/www.soniasist.it\/wp-content\/uploads\/2022\/05\/quadro13-rit-new-727x1024.jpg\" class=\"attachment-large size-large wp-image-1679\" alt=\"\" srcset=\"https:\/\/www.soniasist.it\/wp-content\/uploads\/2022\/05\/quadro13-rit-new-727x1024.jpg 727w, https:\/\/www.soniasist.it\/wp-content\/uploads\/2022\/05\/quadro13-rit-new-213x300.jpg 213w, https:\/\/www.soniasist.it\/wp-content\/uploads\/2022\/05\/quadro13-rit-new-768x1082.jpg 768w, https:\/\/www.soniasist.it\/wp-content\/uploads\/2022\/05\/quadro13-rit-new-1090x1536.jpg 1090w, https:\/\/www.soniasist.it\/wp-content\/uploads\/2022\/05\/quadro13-rit-new-1454x2048.jpg 1454w, https:\/\/www.soniasist.it\/wp-content\/uploads\/2022\/05\/quadro13-rit-new-9x12.jpg 9w, https:\/\/www.soniasist.it\/wp-content\/uploads\/2022\/05\/quadro13-rit-new.jpg 1679w\" sizes=\"(max-width: 727px) 100vw, 727px\" \/>\t\t\t\t\t\t\t\t<\/a>\n\t\t\t\t\t\t\t\t\t\t\t\t\t\t\t<\/div>\n\t\t\t\t<\/div>\n\t\t\t\t\t<\/div>\n\t\t<\/div>\n\t\t\t\t<div class=\"elementor-column elementor-col-50 elementor-top-column elementor-element elementor-element-03dd1ff\" data-id=\"03dd1ff\" data-element_type=\"column\" data-e-type=\"column\">\n\t\t\t<div class=\"elementor-widget-wrap elementor-element-populated\">\n\t\t\t\t\t\t<div class=\"elementor-element elementor-element-05edb30 elementor-widget elementor-widget-text-editor\" data-id=\"05edb30\" data-element_type=\"widget\" data-e-type=\"widget\" data-widget_type=\"text-editor.default\">\n\t\t\t\t<div class=\"elementor-widget-container\">\n\t\t\t\t\t\t\t\t\t<p><span style=\"font-weight: 400;\">The depth of the gaze and the essentiality in the representation of the face and d\u00e9coll\u00e9t\u00e9 are striking, which are clean and simple, devoid of ornaments. The only decoration is represented by a small flower placed above the ear that enhances the expressive sweetness.<\/span><\/p>\t\t\t\t\t\t\t\t<\/div>\n\t\t\t\t<\/div>\n\t\t\t\t<section class=\"elementor-section elementor-inner-section elementor-element elementor-element-f9a3178 elementor-section-boxed elementor-section-height-default elementor-section-height-default\" data-id=\"f9a3178\" data-element_type=\"section\" data-e-type=\"section\">\n\t\t\t\t\t\t<div class=\"elementor-container elementor-column-gap-default\">\n\t\t\t\t\t<div class=\"elementor-column elementor-col-50 elementor-inner-column elementor-element elementor-element-1ae9f94\" data-id=\"1ae9f94\" data-element_type=\"column\" data-e-type=\"column\">\n\t\t\t<div class=\"elementor-widget-wrap elementor-element-populated\">\n\t\t\t\t\t\t<div class=\"elementor-element elementor-element-45bf534 elementor-widget elementor-widget-image\" data-id=\"45bf534\" data-element_type=\"widget\" data-e-type=\"widget\" data-widget_type=\"image.default\">\n\t\t\t\t<div class=\"elementor-widget-container\">\n\t\t\t\t\t\t\t\t\t\t\t\t\t\t\t\t<a href=\"https:\/\/www.soniasist.it\/wp-content\/uploads\/2022\/02\/angolo-quadro13.jpg\" data-elementor-open-lightbox=\"no\">\n\t\t\t\t\t\t\t<img decoding=\"async\" width=\"1024\" height=\"1024\" src=\"https:\/\/www.soniasist.it\/wp-content\/uploads\/2022\/02\/angolo-quadro13-1024x1024.jpg\" class=\"attachment-large size-large wp-image-1530\" alt=\"\" srcset=\"https:\/\/www.soniasist.it\/wp-content\/uploads\/2022\/02\/angolo-quadro13-1024x1024.jpg 1024w, https:\/\/www.soniasist.it\/wp-content\/uploads\/2022\/02\/angolo-quadro13-300x300.jpg 300w, https:\/\/www.soniasist.it\/wp-content\/uploads\/2022\/02\/angolo-quadro13-150x150.jpg 150w, https:\/\/www.soniasist.it\/wp-content\/uploads\/2022\/02\/angolo-quadro13-768x768.jpg 768w, https:\/\/www.soniasist.it\/wp-content\/uploads\/2022\/02\/angolo-quadro13-1536x1536.jpg 1536w, https:\/\/www.soniasist.it\/wp-content\/uploads\/2022\/02\/angolo-quadro13-2048x2048.jpg 2048w\" sizes=\"(max-width: 1024px) 100vw, 1024px\" \/>\t\t\t\t\t\t\t\t<\/a>\n\t\t\t\t\t\t\t\t\t\t\t\t\t\t\t<\/div>\n\t\t\t\t<\/div>\n\t\t\t\t\t<\/div>\n\t\t<\/div>\n\t\t\t\t<div class=\"elementor-column elementor-col-50 elementor-inner-column elementor-element elementor-element-74d7d85\" data-id=\"74d7d85\" data-element_type=\"column\" data-e-type=\"column\">\n\t\t\t<div class=\"elementor-widget-wrap elementor-element-populated\">\n\t\t\t\t\t\t<div class=\"elementor-element elementor-element-fb84159 elementor-widget elementor-widget-image\" data-id=\"fb84159\" data-element_type=\"widget\" data-e-type=\"widget\" data-widget_type=\"image.default\">\n\t\t\t\t<div class=\"elementor-widget-container\">\n\t\t\t\t\t\t\t\t\t\t\t\t\t\t\t\t<a href=\"https:\/\/www.soniasist.it\/wp-content\/uploads\/2022\/02\/retro-qaudro13-scaled.jpg\" data-elementor-open-lightbox=\"no\">\n\t\t\t\t\t\t\t<img decoding=\"async\" width=\"733\" height=\"1024\" src=\"https:\/\/www.soniasist.it\/wp-content\/uploads\/2022\/02\/retro-qaudro13-733x1024.jpg\" class=\"attachment-large size-large wp-image-1531\" alt=\"\" srcset=\"https:\/\/www.soniasist.it\/wp-content\/uploads\/2022\/02\/retro-qaudro13-733x1024.jpg 733w, https:\/\/www.soniasist.it\/wp-content\/uploads\/2022\/02\/retro-qaudro13-215x300.jpg 215w, https:\/\/www.soniasist.it\/wp-content\/uploads\/2022\/02\/retro-qaudro13-768x1073.jpg 768w, https:\/\/www.soniasist.it\/wp-content\/uploads\/2022\/02\/retro-qaudro13-1099x1536.jpg 1099w, https:\/\/www.soniasist.it\/wp-content\/uploads\/2022\/02\/retro-qaudro13-1465x2048.jpg 1465w, https:\/\/www.soniasist.it\/wp-content\/uploads\/2022\/02\/retro-qaudro13-scaled.jpg 1832w\" sizes=\"(max-width: 733px) 100vw, 733px\" \/>\t\t\t\t\t\t\t\t<\/a>\n\t\t\t\t\t\t\t\t\t\t\t\t\t\t\t<\/div>\n\t\t\t\t<\/div>\n\t\t\t\t\t<\/div>\n\t\t<\/div>\n\t\t\t\t\t<\/div>\n\t\t<\/section>\n\t\t\t\t\t<\/div>\n\t\t<\/div>\n\t\t\t\t\t<\/div>\n\t\t<\/section>\n\t\t\t\t<\/div>","protected":false},"excerpt":{"rendered":"<p>Ritratto di Giovane Donna ( Olio su tela 24 x 34,5 cm ) Colpiscono la profondit\u00e0 dello sguardo e l&#8217;essenzialit\u00e0 nella rappresentazione del volto e del d\u00e9coll\u00e9t\u00e9, che risultano puliti e semplici, privi di ornamenti. L&#8217;unico decoro \u00e8 rappresentato da un piccolo fiore posato sopra l&#8217;orecchio che esalta la dolcezza espressiva. Ritratto di Giovane Donna [&hellip;]<\/p>","protected":false},"author":3,"featured_media":0,"parent":0,"menu_order":0,"comment_status":"closed","ping_status":"closed","template":"","meta":{"ocean_post_layout":"","ocean_both_sidebars_style":"","ocean_both_sidebars_content_width":0,"ocean_both_sidebars_sidebars_width":0,"ocean_sidebar":"","ocean_second_sidebar":"","ocean_disable_margins":"enable","ocean_add_body_class":"","ocean_shortcode_before_top_bar":"","ocean_shortcode_after_top_bar":"","ocean_shortcode_before_header":"","ocean_shortcode_after_header":"","ocean_has_shortcode":"","ocean_shortcode_after_title":"","ocean_shortcode_before_footer_widgets":"","ocean_shortcode_after_footer_widgets":"","ocean_shortcode_before_footer_bottom":"","ocean_shortcode_after_footer_bottom":"","ocean_display_top_bar":"default","ocean_display_header":"default","ocean_header_style":"","ocean_center_header_left_menu":"","ocean_custom_header_template":"","ocean_custom_logo":0,"ocean_custom_retina_logo":0,"ocean_custom_logo_max_width":0,"ocean_custom_logo_tablet_max_width":0,"ocean_custom_logo_mobile_max_width":0,"ocean_custom_logo_max_height":0,"ocean_custom_logo_tablet_max_height":0,"ocean_custom_logo_mobile_max_height":0,"ocean_header_custom_menu":"","ocean_menu_typo_font_family":"","ocean_menu_typo_font_subset":"","ocean_menu_typo_font_size":0,"ocean_menu_typo_font_size_tablet":0,"ocean_menu_typo_font_size_mobile":0,"ocean_menu_typo_font_size_unit":"px","ocean_menu_typo_font_weight":"","ocean_menu_typo_font_weight_tablet":"","ocean_menu_typo_font_weight_mobile":"","ocean_menu_typo_transform":"","ocean_menu_typo_transform_tablet":"","ocean_menu_typo_transform_mobile":"","ocean_menu_typo_line_height":0,"ocean_menu_typo_line_height_tablet":0,"ocean_menu_typo_line_height_mobile":0,"ocean_menu_typo_line_height_unit":"","ocean_menu_typo_spacing":0,"ocean_menu_typo_spacing_tablet":0,"ocean_menu_typo_spacing_mobile":0,"ocean_menu_typo_spacing_unit":"","ocean_menu_link_color":"","ocean_menu_link_color_hover":"","ocean_menu_link_color_active":"","ocean_menu_link_background":"","ocean_menu_link_hover_background":"","ocean_menu_link_active_background":"","ocean_menu_social_links_bg":"","ocean_menu_social_hover_links_bg":"","ocean_menu_social_links_color":"","ocean_menu_social_hover_links_color":"","ocean_disable_title":"default","ocean_disable_heading":"default","ocean_post_title":"","ocean_post_subheading":"","ocean_post_title_style":"","ocean_post_title_background_color":"","ocean_post_title_background":0,"ocean_post_title_bg_image_position":"","ocean_post_title_bg_image_attachment":"","ocean_post_title_bg_image_repeat":"","ocean_post_title_bg_image_size":"","ocean_post_title_height":0,"ocean_post_title_bg_overlay":0.5,"ocean_post_title_bg_overlay_color":"","ocean_disable_breadcrumbs":"default","ocean_breadcrumbs_color":"","ocean_breadcrumbs_separator_color":"","ocean_breadcrumbs_links_color":"","ocean_breadcrumbs_links_hover_color":"","ocean_display_footer_widgets":"default","ocean_display_footer_bottom":"default","ocean_custom_footer_template":"","footnotes":""},"class_list":["post-1528","page","type-page","status-publish","hentry","entry"],"_links":{"self":[{"href":"https:\/\/www.soniasist.it\/en\/wp-json\/wp\/v2\/pages\/1528","targetHints":{"allow":["GET"]}}],"collection":[{"href":"https:\/\/www.soniasist.it\/en\/wp-json\/wp\/v2\/pages"}],"about":[{"href":"https:\/\/www.soniasist.it\/en\/wp-json\/wp\/v2\/types\/page"}],"author":[{"embeddable":true,"href":"https:\/\/www.soniasist.it\/en\/wp-json\/wp\/v2\/users\/3"}],"replies":[{"embeddable":true,"href":"https:\/\/www.soniasist.it\/en\/wp-json\/wp\/v2\/comments?post=1528"}],"version-history":[{"count":9,"href":"https:\/\/www.soniasist.it\/en\/wp-json\/wp\/v2\/pages\/1528\/revisions"}],"predecessor-version":[{"id":1682,"href":"https:\/\/www.soniasist.it\/en\/wp-json\/wp\/v2\/pages\/1528\/revisions\/1682"}],"wp:attachment":[{"href":"https:\/\/www.soniasist.it\/en\/wp-json\/wp\/v2\/media?parent=1528"}],"curies":[{"name":"wp","href":"https:\/\/api.w.org\/{rel}","templated":true}]}}