{"id":1080,"date":"2022-02-08T10:05:25","date_gmt":"2022-02-08T10:05:25","guid":{"rendered":"https:\/\/www.soniasist.it\/?page_id=1080"},"modified":"2022-02-09T11:17:15","modified_gmt":"2022-02-09T11:17:15","slug":"presenze","status":"publish","type":"page","link":"https:\/\/www.soniasist.it\/en\/presenze\/","title":{"rendered":"Presenze"},"content":{"rendered":"<div data-elementor-type=\"wp-page\" data-elementor-id=\"1080\" class=\"elementor elementor-1080\">\n\t\t\t\t\t\t<section class=\"elementor-section elementor-top-section elementor-element elementor-element-cca1894 elementor-section-boxed elementor-section-height-default elementor-section-height-default\" data-id=\"cca1894\" data-element_type=\"section\" data-e-type=\"section\">\n\t\t\t\t\t\t<div class=\"elementor-container elementor-column-gap-default\">\n\t\t\t\t\t<div class=\"elementor-column elementor-col-100 elementor-top-column elementor-element elementor-element-dc3e2bc\" data-id=\"dc3e2bc\" data-element_type=\"column\" data-e-type=\"column\">\n\t\t\t<div class=\"elementor-widget-wrap elementor-element-populated\">\n\t\t\t\t\t\t<div class=\"elementor-element elementor-element-4fea137 elementor-widget elementor-widget-spacer\" data-id=\"4fea137\" data-element_type=\"widget\" data-e-type=\"widget\" data-widget_type=\"spacer.default\">\n\t\t\t\t<div class=\"elementor-widget-container\">\n\t\t\t\t\t\t\t<div class=\"elementor-spacer\">\n\t\t\t<div class=\"elementor-spacer-inner\"><\/div>\n\t\t<\/div>\n\t\t\t\t\t\t<\/div>\n\t\t\t\t<\/div>\n\t\t\t\t\t<\/div>\n\t\t<\/div>\n\t\t\t\t\t<\/div>\n\t\t<\/section>\n\t\t\t\t<section class=\"elementor-section elementor-top-section elementor-element elementor-element-a8683b3 elementor-hidden-mobile elementor-section-boxed elementor-section-height-default elementor-section-height-default elementor-invisible\" data-id=\"a8683b3\" data-element_type=\"section\" data-e-type=\"section\" data-settings=\"{&quot;animation&quot;:&quot;fadeIn&quot;}\">\n\t\t\t\t\t\t<div class=\"elementor-container elementor-column-gap-default\">\n\t\t\t\t\t<div class=\"elementor-column elementor-col-100 elementor-top-column elementor-element elementor-element-988c4a4\" data-id=\"988c4a4\" data-element_type=\"column\" data-e-type=\"column\">\n\t\t\t<div class=\"elementor-widget-wrap elementor-element-populated\">\n\t\t\t\t\t\t<div class=\"elementor-element elementor-element-f674778 elementor-widget elementor-widget-heading\" data-id=\"f674778\" data-element_type=\"widget\" data-e-type=\"widget\" data-widget_type=\"heading.default\">\n\t\t\t\t<div class=\"elementor-widget-container\">\n\t\t\t\t\t<h1 class=\"elementor-heading-title elementor-size-large\">Presenze ( Oil on canvas, 83x46.5 cm )<\/h1>\t\t\t\t<\/div>\n\t\t\t\t<\/div>\n\t\t\t\t\t<\/div>\n\t\t<\/div>\n\t\t\t\t\t<\/div>\n\t\t<\/section>\n\t\t\t\t<section class=\"elementor-section elementor-top-section elementor-element elementor-element-50f7780 elementor-hidden-mobile elementor-section-boxed elementor-section-height-default elementor-section-height-default elementor-invisible\" data-id=\"50f7780\" data-element_type=\"section\" data-e-type=\"section\" data-settings=\"{&quot;animation&quot;:&quot;fadeInUp&quot;}\">\n\t\t\t\t\t\t<div class=\"elementor-container elementor-column-gap-default\">\n\t\t\t\t\t<div class=\"elementor-column elementor-col-50 elementor-top-column elementor-element elementor-element-9ea0e01\" data-id=\"9ea0e01\" data-element_type=\"column\" data-e-type=\"column\">\n\t\t\t<div class=\"elementor-widget-wrap elementor-element-populated\">\n\t\t\t\t\t\t<div class=\"elementor-element elementor-element-b1e1e4f elementor-widget elementor-widget-image\" data-id=\"b1e1e4f\" data-element_type=\"widget\" data-e-type=\"widget\" data-widget_type=\"image.default\">\n\t\t\t\t<div class=\"elementor-widget-container\">\n\t\t\t\t\t\t\t\t\t\t\t\t\t\t\t\t<a href=\"https:\/\/www.soniasist.it\/wp-content\/uploads\/2022\/02\/Quadro3-scaled.jpg\" data-elementor-open-lightbox=\"no\">\n\t\t\t\t\t\t\t<img fetchpriority=\"high\" decoding=\"async\" width=\"1024\" height=\"587\" src=\"https:\/\/www.soniasist.it\/wp-content\/uploads\/2022\/02\/Quadro3-1024x587.jpg\" class=\"attachment-large size-large wp-image-1230\" alt=\"\" srcset=\"https:\/\/www.soniasist.it\/wp-content\/uploads\/2022\/02\/Quadro3-1024x587.jpg 1024w, https:\/\/www.soniasist.it\/wp-content\/uploads\/2022\/02\/Quadro3-300x172.jpg 300w, https:\/\/www.soniasist.it\/wp-content\/uploads\/2022\/02\/Quadro3-768x440.jpg 768w, https:\/\/www.soniasist.it\/wp-content\/uploads\/2022\/02\/Quadro3-1536x881.jpg 1536w, https:\/\/www.soniasist.it\/wp-content\/uploads\/2022\/02\/Quadro3-2048x1174.jpg 2048w\" sizes=\"(max-width: 1024px) 100vw, 1024px\" \/>\t\t\t\t\t\t\t\t<\/a>\n\t\t\t\t\t\t\t\t\t\t\t\t\t\t\t<\/div>\n\t\t\t\t<\/div>\n\t\t\t\t\t<\/div>\n\t\t<\/div>\n\t\t\t\t<div class=\"elementor-column elementor-col-50 elementor-top-column elementor-element elementor-element-e114d99\" data-id=\"e114d99\" data-element_type=\"column\" data-e-type=\"column\">\n\t\t\t<div class=\"elementor-widget-wrap elementor-element-populated\">\n\t\t\t\t\t\t<div class=\"elementor-element elementor-element-f093974 elementor-widget elementor-widget-text-editor\" data-id=\"f093974\" data-element_type=\"widget\" data-e-type=\"widget\" data-widget_type=\"text-editor.default\">\n\t\t\t\t<div class=\"elementor-widget-container\">\n\t\t\t\t\t\t\t\t\t<p><span style=\"font-weight: 400;\">Preparation of the linen canvas with plaster and rabbit glue. The canvas is then mounted on a fixed frame by the artist.\nIn an atmosphere dominated by warm and elusive shades, a female nude is portrayed in her entirety. The figure is softly lying on her side between cushions and indistinct, shaded drapery. Her frontal gaze turns to the artist.  Her expression of ease and casual calm is underlined by the pose of her head, slightly reclined on her shoulder. On the far right, in the dim-light, a second cut lined figure is partially visible, as a silent presence as well as complicit at the same time in an intimate and timeless scenario.<\/span><\/p>\t\t\t\t\t\t\t\t<\/div>\n\t\t\t\t<\/div>\n\t\t\t\t<section class=\"elementor-section elementor-inner-section elementor-element elementor-element-467474a elementor-section-boxed elementor-section-height-default elementor-section-height-default\" data-id=\"467474a\" data-element_type=\"section\" data-e-type=\"section\">\n\t\t\t\t\t\t<div class=\"elementor-container elementor-column-gap-default\">\n\t\t\t\t\t<div class=\"elementor-column elementor-col-50 elementor-inner-column elementor-element elementor-element-610aa5a\" data-id=\"610aa5a\" data-element_type=\"column\" data-e-type=\"column\">\n\t\t\t<div class=\"elementor-widget-wrap elementor-element-populated\">\n\t\t\t\t\t\t<div class=\"elementor-element elementor-element-1aa3907 elementor-widget elementor-widget-image\" data-id=\"1aa3907\" data-element_type=\"widget\" data-e-type=\"widget\" data-widget_type=\"image.default\">\n\t\t\t\t<div class=\"elementor-widget-container\">\n\t\t\t\t\t\t\t\t\t\t\t\t\t\t\t\t<a href=\"https:\/\/www.soniasist.it\/wp-content\/uploads\/2022\/02\/angolo-quadro-3.jpg\" data-elementor-open-lightbox=\"no\">\n\t\t\t\t\t\t\t<img decoding=\"async\" width=\"1024\" height=\"1024\" src=\"https:\/\/www.soniasist.it\/wp-content\/uploads\/2022\/02\/angolo-quadro-3-1024x1024.jpg\" class=\"attachment-large size-large wp-image-1231\" alt=\"\" srcset=\"https:\/\/www.soniasist.it\/wp-content\/uploads\/2022\/02\/angolo-quadro-3-1024x1024.jpg 1024w, https:\/\/www.soniasist.it\/wp-content\/uploads\/2022\/02\/angolo-quadro-3-300x300.jpg 300w, https:\/\/www.soniasist.it\/wp-content\/uploads\/2022\/02\/angolo-quadro-3-150x150.jpg 150w, https:\/\/www.soniasist.it\/wp-content\/uploads\/2022\/02\/angolo-quadro-3-768x768.jpg 768w, https:\/\/www.soniasist.it\/wp-content\/uploads\/2022\/02\/angolo-quadro-3-1536x1536.jpg 1536w, https:\/\/www.soniasist.it\/wp-content\/uploads\/2022\/02\/angolo-quadro-3-2048x2048.jpg 2048w\" sizes=\"(max-width: 1024px) 100vw, 1024px\" \/>\t\t\t\t\t\t\t\t<\/a>\n\t\t\t\t\t\t\t\t\t\t\t\t\t\t\t<\/div>\n\t\t\t\t<\/div>\n\t\t\t\t\t<\/div>\n\t\t<\/div>\n\t\t\t\t<div class=\"elementor-column elementor-col-50 elementor-inner-column elementor-element elementor-element-49b1346\" data-id=\"49b1346\" data-element_type=\"column\" data-e-type=\"column\">\n\t\t\t<div class=\"elementor-widget-wrap elementor-element-populated\">\n\t\t\t\t\t\t<div class=\"elementor-element elementor-element-1c67649 elementor-widget elementor-widget-image\" data-id=\"1c67649\" data-element_type=\"widget\" data-e-type=\"widget\" data-widget_type=\"image.default\">\n\t\t\t\t<div class=\"elementor-widget-container\">\n\t\t\t\t\t\t\t\t\t\t\t\t\t\t\t\t<a href=\"https:\/\/www.soniasist.it\/wp-content\/uploads\/2022\/02\/retro-quadro3-scaled.jpg\" data-elementor-open-lightbox=\"no\">\n\t\t\t\t\t\t\t<img decoding=\"async\" width=\"1024\" height=\"597\" src=\"https:\/\/www.soniasist.it\/wp-content\/uploads\/2022\/02\/retro-quadro3-1024x597.jpg\" class=\"attachment-large size-large wp-image-1232\" alt=\"\" srcset=\"https:\/\/www.soniasist.it\/wp-content\/uploads\/2022\/02\/retro-quadro3-1024x597.jpg 1024w, https:\/\/www.soniasist.it\/wp-content\/uploads\/2022\/02\/retro-quadro3-300x175.jpg 300w, https:\/\/www.soniasist.it\/wp-content\/uploads\/2022\/02\/retro-quadro3-768x448.jpg 768w, https:\/\/www.soniasist.it\/wp-content\/uploads\/2022\/02\/retro-quadro3-1536x896.jpg 1536w, https:\/\/www.soniasist.it\/wp-content\/uploads\/2022\/02\/retro-quadro3-2048x1195.jpg 2048w\" sizes=\"(max-width: 1024px) 100vw, 1024px\" \/>\t\t\t\t\t\t\t\t<\/a>\n\t\t\t\t\t\t\t\t\t\t\t\t\t\t\t<\/div>\n\t\t\t\t<\/div>\n\t\t\t\t\t<\/div>\n\t\t<\/div>\n\t\t\t\t\t<\/div>\n\t\t<\/section>\n\t\t\t\t\t<\/div>\n\t\t<\/div>\n\t\t\t\t\t<\/div>\n\t\t<\/section>\n\t\t\t\t<section class=\"elementor-section elementor-top-section elementor-element elementor-element-9287d9f elementor-hidden-desktop elementor-hidden-tablet elementor-section-boxed elementor-section-height-default elementor-section-height-default elementor-invisible\" data-id=\"9287d9f\" data-element_type=\"section\" data-e-type=\"section\" data-settings=\"{&quot;animation&quot;:&quot;fadeIn&quot;}\">\n\t\t\t\t\t\t<div class=\"elementor-container elementor-column-gap-default\">\n\t\t\t\t\t<div class=\"elementor-column elementor-col-100 elementor-top-column elementor-element elementor-element-a3a3468\" data-id=\"a3a3468\" data-element_type=\"column\" data-e-type=\"column\">\n\t\t\t<div class=\"elementor-widget-wrap elementor-element-populated\">\n\t\t\t\t\t\t<div class=\"elementor-element elementor-element-b1623b0 elementor-widget elementor-widget-heading\" data-id=\"b1623b0\" data-element_type=\"widget\" data-e-type=\"widget\" data-widget_type=\"heading.default\">\n\t\t\t\t<div class=\"elementor-widget-container\">\n\t\t\t\t\t<h2 class=\"elementor-heading-title elementor-size-default\">Presenze\n<br>( Oil on canvas, 83x46.5 cm )<\/h2>\t\t\t\t<\/div>\n\t\t\t\t<\/div>\n\t\t\t\t\t<\/div>\n\t\t<\/div>\n\t\t\t\t\t<\/div>\n\t\t<\/section>\n\t\t\t\t<section class=\"elementor-section elementor-top-section elementor-element elementor-element-1fe43e0 elementor-hidden-desktop elementor-hidden-tablet elementor-section-boxed elementor-section-height-default elementor-section-height-default elementor-invisible\" data-id=\"1fe43e0\" data-element_type=\"section\" data-e-type=\"section\" data-settings=\"{&quot;animation&quot;:&quot;fadeInUp&quot;}\">\n\t\t\t\t\t\t<div class=\"elementor-container elementor-column-gap-default\">\n\t\t\t\t\t<div class=\"elementor-column elementor-col-50 elementor-top-column elementor-element elementor-element-75f8419\" data-id=\"75f8419\" data-element_type=\"column\" data-e-type=\"column\">\n\t\t\t<div class=\"elementor-widget-wrap elementor-element-populated\">\n\t\t\t\t\t\t<div class=\"elementor-element elementor-element-072d50d elementor-widget elementor-widget-image\" data-id=\"072d50d\" data-element_type=\"widget\" data-e-type=\"widget\" data-widget_type=\"image.default\">\n\t\t\t\t<div class=\"elementor-widget-container\">\n\t\t\t\t\t\t\t\t\t\t\t\t\t\t\t\t<a href=\"https:\/\/www.soniasist.it\/wp-content\/uploads\/2022\/02\/Quadro3-scaled.jpg\" data-elementor-open-lightbox=\"no\">\n\t\t\t\t\t\t\t<img fetchpriority=\"high\" decoding=\"async\" width=\"1024\" height=\"587\" src=\"https:\/\/www.soniasist.it\/wp-content\/uploads\/2022\/02\/Quadro3-1024x587.jpg\" class=\"attachment-large size-large wp-image-1230\" alt=\"\" srcset=\"https:\/\/www.soniasist.it\/wp-content\/uploads\/2022\/02\/Quadro3-1024x587.jpg 1024w, https:\/\/www.soniasist.it\/wp-content\/uploads\/2022\/02\/Quadro3-300x172.jpg 300w, https:\/\/www.soniasist.it\/wp-content\/uploads\/2022\/02\/Quadro3-768x440.jpg 768w, https:\/\/www.soniasist.it\/wp-content\/uploads\/2022\/02\/Quadro3-1536x881.jpg 1536w, https:\/\/www.soniasist.it\/wp-content\/uploads\/2022\/02\/Quadro3-2048x1174.jpg 2048w\" sizes=\"(max-width: 1024px) 100vw, 1024px\" \/>\t\t\t\t\t\t\t\t<\/a>\n\t\t\t\t\t\t\t\t\t\t\t\t\t\t\t<\/div>\n\t\t\t\t<\/div>\n\t\t\t\t\t<\/div>\n\t\t<\/div>\n\t\t\t\t<div class=\"elementor-column elementor-col-50 elementor-top-column elementor-element elementor-element-def3695\" data-id=\"def3695\" data-element_type=\"column\" data-e-type=\"column\">\n\t\t\t<div class=\"elementor-widget-wrap elementor-element-populated\">\n\t\t\t\t\t\t<div class=\"elementor-element elementor-element-220bf5f elementor-widget elementor-widget-text-editor\" data-id=\"220bf5f\" data-element_type=\"widget\" data-e-type=\"widget\" data-widget_type=\"text-editor.default\">\n\t\t\t\t<div class=\"elementor-widget-container\">\n\t\t\t\t\t\t\t\t\t<p><span style=\"font-weight: 400;\">Preparation of the linen canvas with plaster and rabbit glue. The canvas is then mounted on a fixed frame by the artist.\nIn an atmosphere dominated by warm and elusive shades, a female nude is portrayed in her entirety. The figure is softly lying on her side between cushions and indistinct, shaded drapery. Her frontal gaze turns to the artist.  Her expression of ease and casual calm is underlined by the pose of her head, slightly reclined on her shoulder. On the far right, in the dim-light, a second cut lined figure is partially visible, as a silent presence as well as complicit at the same time in an intimate and timeless scenario.<\/span><\/p>\t\t\t\t\t\t\t\t<\/div>\n\t\t\t\t<\/div>\n\t\t\t\t<section class=\"elementor-section elementor-inner-section elementor-element elementor-element-402b8b7 elementor-section-boxed elementor-section-height-default elementor-section-height-default\" data-id=\"402b8b7\" data-element_type=\"section\" data-e-type=\"section\">\n\t\t\t\t\t\t<div class=\"elementor-container elementor-column-gap-default\">\n\t\t\t\t\t<div class=\"elementor-column elementor-col-50 elementor-inner-column elementor-element elementor-element-516c146\" data-id=\"516c146\" data-element_type=\"column\" data-e-type=\"column\">\n\t\t\t<div class=\"elementor-widget-wrap elementor-element-populated\">\n\t\t\t\t\t\t<div class=\"elementor-element elementor-element-b3aa8d4 elementor-widget elementor-widget-image\" data-id=\"b3aa8d4\" data-element_type=\"widget\" data-e-type=\"widget\" data-widget_type=\"image.default\">\n\t\t\t\t<div class=\"elementor-widget-container\">\n\t\t\t\t\t\t\t\t\t\t\t\t\t\t\t\t<a href=\"https:\/\/www.soniasist.it\/wp-content\/uploads\/2022\/02\/angolo-quadro-3.jpg\" data-elementor-open-lightbox=\"no\">\n\t\t\t\t\t\t\t<img decoding=\"async\" width=\"1024\" height=\"1024\" src=\"https:\/\/www.soniasist.it\/wp-content\/uploads\/2022\/02\/angolo-quadro-3-1024x1024.jpg\" class=\"attachment-large size-large wp-image-1231\" alt=\"\" srcset=\"https:\/\/www.soniasist.it\/wp-content\/uploads\/2022\/02\/angolo-quadro-3-1024x1024.jpg 1024w, https:\/\/www.soniasist.it\/wp-content\/uploads\/2022\/02\/angolo-quadro-3-300x300.jpg 300w, https:\/\/www.soniasist.it\/wp-content\/uploads\/2022\/02\/angolo-quadro-3-150x150.jpg 150w, https:\/\/www.soniasist.it\/wp-content\/uploads\/2022\/02\/angolo-quadro-3-768x768.jpg 768w, https:\/\/www.soniasist.it\/wp-content\/uploads\/2022\/02\/angolo-quadro-3-1536x1536.jpg 1536w, https:\/\/www.soniasist.it\/wp-content\/uploads\/2022\/02\/angolo-quadro-3-2048x2048.jpg 2048w\" sizes=\"(max-width: 1024px) 100vw, 1024px\" \/>\t\t\t\t\t\t\t\t<\/a>\n\t\t\t\t\t\t\t\t\t\t\t\t\t\t\t<\/div>\n\t\t\t\t<\/div>\n\t\t\t\t\t<\/div>\n\t\t<\/div>\n\t\t\t\t<div class=\"elementor-column elementor-col-50 elementor-inner-column elementor-element elementor-element-1991e3f\" data-id=\"1991e3f\" data-element_type=\"column\" data-e-type=\"column\">\n\t\t\t<div class=\"elementor-widget-wrap elementor-element-populated\">\n\t\t\t\t\t\t<div class=\"elementor-element elementor-element-eb25bc8 elementor-widget elementor-widget-image\" data-id=\"eb25bc8\" data-element_type=\"widget\" data-e-type=\"widget\" data-widget_type=\"image.default\">\n\t\t\t\t<div class=\"elementor-widget-container\">\n\t\t\t\t\t\t\t\t\t\t\t\t\t\t\t\t<a href=\"https:\/\/www.soniasist.it\/wp-content\/uploads\/2022\/02\/retro-quadro3-scaled.jpg\" data-elementor-open-lightbox=\"no\">\n\t\t\t\t\t\t\t<img decoding=\"async\" width=\"1024\" height=\"597\" src=\"https:\/\/www.soniasist.it\/wp-content\/uploads\/2022\/02\/retro-quadro3-1024x597.jpg\" class=\"attachment-large size-large wp-image-1232\" alt=\"\" srcset=\"https:\/\/www.soniasist.it\/wp-content\/uploads\/2022\/02\/retro-quadro3-1024x597.jpg 1024w, https:\/\/www.soniasist.it\/wp-content\/uploads\/2022\/02\/retro-quadro3-300x175.jpg 300w, https:\/\/www.soniasist.it\/wp-content\/uploads\/2022\/02\/retro-quadro3-768x448.jpg 768w, https:\/\/www.soniasist.it\/wp-content\/uploads\/2022\/02\/retro-quadro3-1536x896.jpg 1536w, https:\/\/www.soniasist.it\/wp-content\/uploads\/2022\/02\/retro-quadro3-2048x1195.jpg 2048w\" sizes=\"(max-width: 1024px) 100vw, 1024px\" \/>\t\t\t\t\t\t\t\t<\/a>\n\t\t\t\t\t\t\t\t\t\t\t\t\t\t\t<\/div>\n\t\t\t\t<\/div>\n\t\t\t\t\t<\/div>\n\t\t<\/div>\n\t\t\t\t\t<\/div>\n\t\t<\/section>\n\t\t\t\t\t<\/div>\n\t\t<\/div>\n\t\t\t\t\t<\/div>\n\t\t<\/section>\n\t\t\t\t<\/div>","protected":false},"excerpt":{"rendered":"<p>Presenze ( Olio su tela, 83 x 46.5 cm ) Preparazione della tela di lino a gesso e colla di coniglio montata dall&#8217;artista su telaio fisso. In un&#8217;atmosfera dominata da tonalit\u00e0 calde e sfuggenti \u00e8 ritratto un nudo femminile ripreso nella sua interezza. La figura \u00e8 morbidamente sdraiata su un fianco tra cuscini e panneggi [&hellip;]<\/p>","protected":false},"author":3,"featured_media":0,"parent":0,"menu_order":0,"comment_status":"closed","ping_status":"closed","template":"","meta":{"ocean_post_layout":"","ocean_both_sidebars_style":"","ocean_both_sidebars_content_width":0,"ocean_both_sidebars_sidebars_width":0,"ocean_sidebar":"0","ocean_second_sidebar":"0","ocean_disable_margins":"enable","ocean_add_body_class":"","ocean_shortcode_before_top_bar":"","ocean_shortcode_after_top_bar":"","ocean_shortcode_before_header":"","ocean_shortcode_after_header":"","ocean_has_shortcode":"","ocean_shortcode_after_title":"","ocean_shortcode_before_footer_widgets":"","ocean_shortcode_after_footer_widgets":"","ocean_shortcode_before_footer_bottom":"","ocean_shortcode_after_footer_bottom":"","ocean_display_top_bar":"default","ocean_display_header":"default","ocean_header_style":"","ocean_center_header_left_menu":"0","ocean_custom_header_template":"0","ocean_custom_logo":0,"ocean_custom_retina_logo":0,"ocean_custom_logo_max_width":0,"ocean_custom_logo_tablet_max_width":0,"ocean_custom_logo_mobile_max_width":0,"ocean_custom_logo_max_height":0,"ocean_custom_logo_tablet_max_height":0,"ocean_custom_logo_mobile_max_height":0,"ocean_header_custom_menu":"0","ocean_menu_typo_font_family":"0","ocean_menu_typo_font_subset":"","ocean_menu_typo_font_size":0,"ocean_menu_typo_font_size_tablet":0,"ocean_menu_typo_font_size_mobile":0,"ocean_menu_typo_font_size_unit":"px","ocean_menu_typo_font_weight":"","ocean_menu_typo_font_weight_tablet":"","ocean_menu_typo_font_weight_mobile":"","ocean_menu_typo_transform":"","ocean_menu_typo_transform_tablet":"","ocean_menu_typo_transform_mobile":"","ocean_menu_typo_line_height":0,"ocean_menu_typo_line_height_tablet":0,"ocean_menu_typo_line_height_mobile":0,"ocean_menu_typo_line_height_unit":"","ocean_menu_typo_spacing":0,"ocean_menu_typo_spacing_tablet":0,"ocean_menu_typo_spacing_mobile":0,"ocean_menu_typo_spacing_unit":"","ocean_menu_link_color":"","ocean_menu_link_color_hover":"","ocean_menu_link_color_active":"","ocean_menu_link_background":"","ocean_menu_link_hover_background":"","ocean_menu_link_active_background":"","ocean_menu_social_links_bg":"","ocean_menu_social_hover_links_bg":"","ocean_menu_social_links_color":"","ocean_menu_social_hover_links_color":"","ocean_disable_title":"default","ocean_disable_heading":"default","ocean_post_title":"","ocean_post_subheading":"","ocean_post_title_style":"","ocean_post_title_background_color":"","ocean_post_title_background":0,"ocean_post_title_bg_image_position":"","ocean_post_title_bg_image_attachment":"","ocean_post_title_bg_image_repeat":"","ocean_post_title_bg_image_size":"","ocean_post_title_height":0,"ocean_post_title_bg_overlay":0.5,"ocean_post_title_bg_overlay_color":"","ocean_disable_breadcrumbs":"default","ocean_breadcrumbs_color":"","ocean_breadcrumbs_separator_color":"","ocean_breadcrumbs_links_color":"","ocean_breadcrumbs_links_hover_color":"","ocean_display_footer_widgets":"default","ocean_display_footer_bottom":"default","ocean_custom_footer_template":"0","footnotes":""},"class_list":["post-1080","page","type-page","status-publish","hentry","entry"],"_links":{"self":[{"href":"https:\/\/www.soniasist.it\/en\/wp-json\/wp\/v2\/pages\/1080","targetHints":{"allow":["GET"]}}],"collection":[{"href":"https:\/\/www.soniasist.it\/en\/wp-json\/wp\/v2\/pages"}],"about":[{"href":"https:\/\/www.soniasist.it\/en\/wp-json\/wp\/v2\/types\/page"}],"author":[{"embeddable":true,"href":"https:\/\/www.soniasist.it\/en\/wp-json\/wp\/v2\/users\/3"}],"replies":[{"embeddable":true,"href":"https:\/\/www.soniasist.it\/en\/wp-json\/wp\/v2\/comments?post=1080"}],"version-history":[{"count":27,"href":"https:\/\/www.soniasist.it\/en\/wp-json\/wp\/v2\/pages\/1080\/revisions"}],"predecessor-version":[{"id":1264,"href":"https:\/\/www.soniasist.it\/en\/wp-json\/wp\/v2\/pages\/1080\/revisions\/1264"}],"wp:attachment":[{"href":"https:\/\/www.soniasist.it\/en\/wp-json\/wp\/v2\/media?parent=1080"}],"curies":[{"name":"wp","href":"https:\/\/api.w.org\/{rel}","templated":true}]}}